{"id":1262,"date":"2026-05-07T13:37:55","date_gmt":"2026-05-07T11:37:55","guid":{"rendered":"https:\/\/szpital-gryfino.pl\/?page_id=1262"},"modified":"2026-05-11T10:54:24","modified_gmt":"2026-05-11T08:54:24","slug":"doposazenie-oddzialu-chorob-wewnetrznych","status":"publish","type":"page","link":"https:\/\/szpital-gryfino.pl\/?page_id=1262","title":{"rendered":"Doposa\u017cenie Oddzia\u0142u Chor\u00f3b Wewn\u0119trznych"},"content":{"rendered":"\n<figure class=\"wp-block-image\"><img loading=\"lazy\" decoding=\"async\" width=\"945\" height=\"65\" src=\"https:\/\/szpital-gryfino.pl\/wp-content\/uploads\/2026\/03\/image-1.png\" alt=\"\" class=\"wp-image-1168\" srcset=\"https:\/\/szpital-gryfino.pl\/wp-content\/uploads\/2026\/03\/image-1.png 945w, https:\/\/szpital-gryfino.pl\/wp-content\/uploads\/2026\/03\/image-1-500x34.png 500w, https:\/\/szpital-gryfino.pl\/wp-content\/uploads\/2026\/03\/image-1-300x21.png 300w, https:\/\/szpital-gryfino.pl\/wp-content\/uploads\/2026\/03\/image-1-768x53.png 768w, https:\/\/szpital-gryfino.pl\/wp-content\/uploads\/2026\/03\/image-1-150x10.png 150w, https:\/\/szpital-gryfino.pl\/wp-content\/uploads\/2026\/03\/image-1-480x33.png 480w\" sizes=\"auto, (max-width:767px) 480px, (max-width:945px) 100vw, 945px\" \/><\/figure>\n\n\n\n<h1 class=\"wp-block-heading has-medium-font-size\">Szpital Powiatowy w Gryfinie Sp\u00f3\u0142ka z o.o. otrzyma\u0142 dofinansowanie z KPO, kt\u00f3rego celem jest zwi\u0119kszenie dost\u0119pno\u015bci do kompleksowej opieki nad pacjentami kariologicznymi!<\/h1>\n\n\n\n<p><a href=\"https:\/\/szpital-gryfino.pl\/?p=1112\"><\/a><a href=\"https:\/\/szpital-gryfino.pl\/?p=1190\"><\/a><a href=\"https:\/\/szpital-gryfino.pl\/?page_id=918\"><\/a><\/p>\n\n\n\n<p>Szpital Powiatowy w Gryfinie Sp\u00f3\u0142ka z o.o. realizuje Przedsi\u0119wzi\u0119cie pn.: \u201e<strong>Doposa\u017cenie Oddzia\u0142u Chor\u00f3b Wewn\u0119trznych Szpitala Powiatowego w Gryfinie Sp\u00f3\u0142ka z o.o. na potrzeby opieki kardiologicznej<\/strong>\u201d<\/p>\n\n\n\n<p>Przedsi\u0119wzi\u0119cie zosta\u0142o obj\u0119te wsparciem Krajowego Planu Odbudowy i Zwi\u0119kszania Odporno\u015bci.<\/p>\n\n\n\n<p><strong>Zakres przedsi\u0119wzi\u0119cia:<\/strong><\/p>\n\n\n\n<p>Zakres przedsi\u0119wzi\u0119cia obejmuje zakup nowej aparatury oraz sprz\u0119tu medycznego niezb\u0119dnego do sprawowania opieki nad pacjentami kardiologicznymi.<\/p>\n\n\n\n<p><strong>Cel przedsi\u0119wzi\u0119cia:<\/strong><\/p>\n\n\n\n<p>Celem przedsi\u0119wzi\u0119cia jest poprawa jako\u015bci, efektywno\u015bci i dost\u0119pno\u015bci \u015bwiadcze\u0144 zdrowotnych w zakresie kardiologii poprzez zakup nowej aparatury i sprz\u0119tu medycznego dla oddzia\u0142u wewn\u0119trznego szpitala zajmuj\u0105cego si\u0119 \u015bwiadczeniem us\u0142ug medycznych w zakresie opieki kardiologicznej.<\/p>\n\n\n\n<p>Cel przedsi\u0119wzi\u0119cia jest zbie\u017cny z celem dzia\u0142ania w ramach Krajowego Planu Odbudowy<br>i Zwi\u0119kszania Odporno\u015bci \u2013 komponentu D \u201eEfektywno\u015b\u0107, dost\u0119pno\u015b\u0107 i jako\u015b\u0107 systemu ochrony zdrowia\u201d, inwestycji D1.1.1 Rozw\u00f3j i modernizacja infrastruktury centr\u00f3w opieki wysokospecjalistycznej i innych podmiot\u00f3w leczniczych.<\/p>\n\n\n\n<p><strong>Okres realizacji przedsi\u0119wzi\u0119cia:<\/strong><\/p>\n\n\n\n<p>od 01.11.2025 r. do 30.06.2026 r.<\/p>\n\n\n\n<p><strong>Finansowanie przedsi\u0119wzi\u0119cia:<\/strong><\/p>\n\n\n\n<p><strong>Ca\u0142kowita warto\u015b\u0107 projektu :&nbsp;1&nbsp;606 079,49 z\u0142, w tym:<\/strong><\/p>\n\n\n\n<ul class=\"wp-block-list\">\n<li>Fundusze Europejskie (Krajowy Plan Odbudowy i Zwi\u0119kszania Odporno\u015bci):<br><strong>1 473 345,82 z\u0142<\/strong><\/li>\n\n\n\n<li>wk\u0142ad w\u0142asny Szpitala Powiatowego w Gryfinie Sp\u00f3\u0142ka z o.o.: &nbsp;<strong>132&nbsp;733,67 z\u0142<\/strong><\/li>\n<\/ul>\n\n\n\n<p><strong>Grupa docelowa<\/strong>: pacjenci oraz pracownicy szpitala.<\/p>\n\n\n\n<p><strong>Efekty realizacji projektu:&nbsp;&nbsp;&nbsp;&nbsp;&nbsp;<\/strong><br><br>Doposa\u017cenie Oddzia\u0142u Chor\u00f3b Wewn\u0119trznych w nowoczesny sprz\u0119t i aparatur\u0119 medyczn\u0105 umo\u017cliwi zwi\u0119kszenie dost\u0119pno\u015bci i jako\u015bci diagnostyki chor\u00f3b uk\u0142adu kr\u0105\u017cenia, skr\u00f3cenie czasu reakcji w stanach nag\u0142ych, popraw\u0119 bezpiecze\u0144stwa pacjent\u00f3w oraz usprawnienie pracy personelu medycznego.<\/p>\n\n\n\n<p><strong>Co to oznacza dla pacjent\u00f3w:<\/strong><\/p>\n\n\n\n<ul class=\"wp-block-list\">\n<li>skuteczniejsze monitorowanie stanu zdrowia pacjenta<\/li>\n\n\n\n<li>wy\u017csze bezpiecze\u0144stwo i jako\u015b\u0107 leczenia,<\/li>\n\n\n\n<li>szersze mo\u017cliwo\u015bci diagnostyki i terapii,&nbsp;&nbsp;&nbsp;&nbsp;&nbsp;&nbsp;<\/li>\n\n\n\n<li>wi\u0119kszy komfort podczas hospitalizacji.<\/li>\n<\/ul>\n\n\n\n<p>Ten projekt to realna inwestycja oraz nowa jako\u015b\u0107 leczenia dla pacjent\u00f3w i silny fundament dalszego rozw\u00f3j naszego szpitala.<\/p>\n\n\n\n<p>Data publikacji: 2026.05.07<\/p>\n\n\n\n<p><a href=\"#FunduszeUE\">#FunduszeUE<\/a><\/p>\n\n\n\n<p><\/p>\n\n\n\n<p><\/p>\n","protected":false},"excerpt":{"rendered":"<p>Szpital Powiatowy w Gryfinie Sp\u00f3\u0142ka z o.o. otrzyma\u0142 dofinansowanie z KPO, kt\u00f3rego celem jest zwi\u0119kszenie dost\u0119pno\u015bci do kompleksowej opieki nad pacjentami kariologicznymi! Szpital Powiatowy w Gryfinie<span class=\"excerpt-hellip\"> [\u2026]<\/span><\/p>\n","protected":false},"author":5,"featured_media":1168,"parent":0,"menu_order":0,"comment_status":"closed","ping_status":"closed","template":"","meta":{"footnotes":""},"class_list":["post-1262","page","type-page","status-publish","has-post-thumbnail","hentry"],"_links":{"self":[{"href":"https:\/\/szpital-gryfino.pl\/index.php?rest_route=\/wp\/v2\/pages\/1262","targetHints":{"allow":["GET"]}}],"collection":[{"href":"https:\/\/szpital-gryfino.pl\/index.php?rest_route=\/wp\/v2\/pages"}],"about":[{"href":"https:\/\/szpital-gryfino.pl\/index.php?rest_route=\/wp\/v2\/types\/page"}],"author":[{"embeddable":true,"href":"https:\/\/szpital-gryfino.pl\/index.php?rest_route=\/wp\/v2\/users\/5"}],"replies":[{"embeddable":true,"href":"https:\/\/szpital-gryfino.pl\/index.php?rest_route=%2Fwp%2Fv2%2Fcomments&post=1262"}],"version-history":[{"count":7,"href":"https:\/\/szpital-gryfino.pl\/index.php?rest_route=\/wp\/v2\/pages\/1262\/revisions"}],"predecessor-version":[{"id":1281,"href":"https:\/\/szpital-gryfino.pl\/index.php?rest_route=\/wp\/v2\/pages\/1262\/revisions\/1281"}],"wp:featuredmedia":[{"embeddable":true,"href":"https:\/\/szpital-gryfino.pl\/index.php?rest_route=\/wp\/v2\/media\/1168"}],"wp:attachment":[{"href":"https:\/\/szpital-gryfino.pl\/index.php?rest_route=%2Fwp%2Fv2%2Fmedia&parent=1262"}],"curies":[{"name":"wp","href":"https:\/\/api.w.org\/{rel}","templated":true}]}}