{"id":128,"date":"2023-09-25T09:06:49","date_gmt":"2023-09-25T07:06:49","guid":{"rendered":"https:\/\/nowa.szpital-gryfino.pl\/?page_id=128"},"modified":"2025-06-04T06:19:44","modified_gmt":"2025-06-04T06:19:44","slug":"zaklad-pielegnacyjno-opiekunczy-psychiatryczny","status":"publish","type":"page","link":"https:\/\/szpital-gryfino.pl\/?page_id=128","title":{"rendered":"Zak\u0142ad Piel\u0119gnacyjno-Opieku\u0144czy Psychiatryczny"},"content":{"rendered":"","protected":false},"excerpt":{"rendered":"","protected":false},"author":2,"featured_media":0,"parent":81,"menu_order":0,"comment_status":"closed","ping_status":"closed","template":"","meta":{"footnotes":""},"class_list":["post-128","page","type-page","status-publish","hentry"],"_links":{"self":[{"href":"https:\/\/szpital-gryfino.pl\/index.php?rest_route=\/wp\/v2\/pages\/128","targetHints":{"allow":["GET"]}}],"collection":[{"href":"https:\/\/szpital-gryfino.pl\/index.php?rest_route=\/wp\/v2\/pages"}],"about":[{"href":"https:\/\/szpital-gryfino.pl\/index.php?rest_route=\/wp\/v2\/types\/page"}],"author":[{"embeddable":true,"href":"https:\/\/szpital-gryfino.pl\/index.php?rest_route=\/wp\/v2\/users\/2"}],"replies":[{"embeddable":true,"href":"https:\/\/szpital-gryfino.pl\/index.php?rest_route=%2Fwp%2Fv2%2Fcomments&post=128"}],"version-history":[{"count":1,"href":"https:\/\/szpital-gryfino.pl\/index.php?rest_route=\/wp\/v2\/pages\/128\/revisions"}],"predecessor-version":[{"id":129,"href":"https:\/\/szpital-gryfino.pl\/index.php?rest_route=\/wp\/v2\/pages\/128\/revisions\/129"}],"up":[{"embeddable":true,"href":"https:\/\/szpital-gryfino.pl\/index.php?rest_route=\/wp\/v2\/pages\/81"}],"wp:attachment":[{"href":"https:\/\/szpital-gryfino.pl\/index.php?rest_route=%2Fwp%2Fv2%2Fmedia&parent=128"}],"curies":[{"name":"wp","href":"https:\/\/api.w.org\/{rel}","templated":true}]}}